{"id":20,"date":"2016-03-17T15:40:40","date_gmt":"2016-03-17T15:40:40","guid":{"rendered":"http:\/\/themes.muffingroup.com\/be\/music\/?page_id=20"},"modified":"2026-03-30T09:09:01","modified_gmt":"2026-03-30T12:09:01","slug":"amenagement","status":"publish","type":"page","link":"https:\/\/www.krsc.ca\/fr\/amenagement\/","title":{"rendered":"Am\u00e9nagement"},"content":{"rendered":"<div class=\"wpb-content-wrapper\"><p>[vc_section full_width=\u00a0\u00bbstretch_row\u00a0\u00bb el_id=\u00a0\u00bbzonage\u00a0\u00bb][vc_row][vc_column]<div class=\"fancy_heading fancy_heading_line\"><div class=\"fh-top\"><\/div><h2 class=\"title\">Modification au zonage<\/h2><div class=\"inside\"><\/p>\n<h4>Certains projets n\u00e9cessitent une modification au zonage<\/h4>\n<p><\/div><\/div>\n[\/vc_column][\/vc_row][vc_row gap=\u00a0\u00bb10&Prime;][vc_column width=\u00a0\u00bb3\/5&Prime;][vc_column_text]Certains projets n\u00e9cessitent une modification au zonage (ou un rezonage), car dans certains cas, il est possible que le zonage actuel emp\u00eache l\u2019\u00e9tablissement de certains types de commerces ou b\u00e2timents au sein d\u2019une municipalit\u00e9 ou d\u2019un DSL dot\u00e9 d\u2019un plan rural. Dans ce cas, il faut soumettre une demande de modification du zonage.<\/p>\n<p>La modification de zonage est <strong>UN PROCESSUS PUBLIC<\/strong>, c\u2019est-\u00e0-dire que les d\u00e9tails du projet et l\u2019identit\u00e9 du propri\u00e9taire ou des promoteurs seront mis \u00e0 la disposition du public lors du processus. Le public peut s\u2019opposer au projet en offrant leurs commentaires au conseil municipal ou \u00e0 la CSRK par \u00e9crit ou \u00e0 l\u2019oral lors des r\u00e9unions publiques relatives au rezonage vis\u00e9.<\/p>\n<p><strong>Le processus peut prendre de TROIS \u00c0 SIX MOIS pour \u00eatre termin\u00e9, ou m\u00eame plus s\u2019il manque des \u00e9l\u00e9ments essentiels au traitement de la demande<\/strong>.<\/p>\n<p><u>Contactez l\u2019un de nos urbanistes pour entamer le processus et pour \u00e9pargner du temps et augmenter les chances de succ\u00e8s de votre projet en soumettant une demande compl\u00e8te d\u00e8s le d\u00e9but.<\/u>[\/vc_column_text][\/vc_column][vc_column width=\u00a0\u00bb2\/5&Prime;][vc_single_image image=\u00a0\u00bb293&Prime; img_size=\u00a0\u00bbfull\u00a0\u00bb][\/vc_column][\/vc_row][vc_row][vc_column width=\u00a0\u00bb1\/2&Prime;][vc_single_image image=\u00a0\u00bb295&Prime; img_size=\u00a0\u00bbfull\u00a0\u00bb][\/vc_column][vc_column width=\u00a0\u00bb1\/2&Prime;][vc_column_text]<\/p>\n<h5><strong>Documents \u00e0 l\u2019appui d\u2019une demande de rezonage<\/strong><\/h5>\n<ul>\n<li>Un plan d\u00e9taill\u00e9 et \u00e0 l\u2019\u00e9chelle du site, en format \u00e9lectronique ou num\u00e9rique, dans un logiciel Auto CAD ou autre programme similaire pour illustrer le projet au conseil, au comit\u00e9 de r\u00e9vision de planification et aux r\u00e9sidents de la collectivit\u00e9;<\/li>\n<li>Le plan doit comprendre les \u00e9l\u00e9ments suivants\u00a0:\n<ul>\n<li>L\u2019aire, les dimensions du lot, le ou les NID et l\u2019adresse civique (si d\u00e9termin\u00e9e);<\/li>\n<li>Le trac\u00e9 du b\u00e2timent ou des b\u00e2timents propos\u00e9s et b\u00e2timents accessoires;<\/li>\n<li>Le drainage des eaux de surface du terrain (peut \u00eatre exig\u00e9 dans certains cas);<\/li>\n<li>Une illustration du b\u00e2timent, vu \u00e0 partir de la rue (plan ou dessin d\u2019\u00e9l\u00e9vation);<\/li>\n<li>Les plans d\u2019\u00e9tages;<\/li>\n<li>Les enseignes ext\u00e9rieures, s\u2019il y a lieu;<\/li>\n<li>Les mat\u00e9riaux ext\u00e9rieurs propos\u00e9s (cette information peut \u00eatre exig\u00e9e dans certains cas).<\/li>\n<\/ul>\n<\/li>\n<\/ul>\n<p>[\/vc_column_text][\/vc_column][\/vc_row][\/vc_section][vc_section full_width=\u00a0\u00bbstretch_row\u00a0\u00bb el_id=\u00a0\u00bbfrais\u00a0\u00bb css=\u00a0\u00bb.vc_custom_1614627341668{background-image: url(http:\/\/www.krsc.ca\/wp-content\/uploads\/2020\/12\/Fraistrans2.jpg?id=307) !important;}\u00a0\u00bb][vc_row][vc_column]<div class=\"fancy_heading fancy_heading_line\"><div class=\"fh-top\"><\/div><h2 class=\"title\">Frais<\/h2><div class=\"inside\"><\/p>\n<h4>Services offerts par le service d\u2019am\u00e9nagement de la CSRK<\/h4>\n<p><\/div><\/div>\n[\/vc_column][\/vc_row][vc_row][vc_column width=\u00a0\u00bb1\/2&Prime;][vc_column_text]<\/p>\n<table>\n<tbody>\n<tr>\n<td width=\"330\"><strong>Permis de construction<\/strong><\/td>\n<td width=\"293\"><strong>Frais<\/strong><\/td>\n<\/tr>\n<tr>\n<td width=\"330\">Permis de construction \u2013 municipalit\u00e9s<\/td>\n<td width=\"293\">25 $ + 5 $ \/ 1 000$ d\u2019\u00e9valuation<\/td>\n<\/tr>\n<tr>\n<td width=\"330\">Permis de construction \u2013 DSL<\/td>\n<td width=\"293\">25 $ + 5 $ \/ 1 000$ d\u2019\u00e9valuation<\/td>\n<\/tr>\n<tr>\n<td width=\"330\">D\u00e9rogation<\/td>\n<td width=\"293\">250 $<\/td>\n<\/tr>\n<tr>\n<td width=\"330\">R\u00e9union sp\u00e9ciale du CRP pour demande urgente de d\u00e9rogation<\/td>\n<td width=\"293\">2 000$ pour couvrir les co\u00fbts de la r\u00e9union sp\u00e9ciale<\/td>\n<\/tr>\n<\/tbody>\n<\/table>\n<p>[\/vc_column_text][\/vc_column][vc_column width=\u00a0\u00bb1\/2&Prime;][vc_column_text]<\/p>\n<table>\n<tbody>\n<tr>\n<td width=\"330\"><strong>Lotissement<\/strong><\/td>\n<td width=\"293\"><strong>\u00a0Frais<\/strong><\/td>\n<\/tr>\n<tr>\n<td width=\"330\">Lotissement \u2013 municipalit\u00e9<\/td>\n<td width=\"293\">200 $ + 25 $ \/ lot ou parcelle<\/td>\n<\/tr>\n<tr>\n<td width=\"330\">Lotissement \u2013 DSL<\/td>\n<td width=\"293\">200 $ + 25 $ \/ lot ou parcelle sur chemin public<\/p>\n<p>500 $ + 25 $ \/ lot ou parcelle sur acc\u00e8s priv\u00e9<\/p>\n<p>100 $ approbation ou exemption de document<\/p>\n<p>25 $ permis d\u2019am\u00e9nagement (renonciation)<\/td>\n<\/tr>\n<\/tbody>\n<\/table>\n<p>[\/vc_column_text][\/vc_column][\/vc_row][vc_row][vc_column width=\u00a0\u00bb1\/2&Prime;][vc_column_text]<\/p>\n<table>\n<tbody>\n<tr>\n<td width=\"330\"><strong>Lettre de confirmation de zonage<\/strong><\/td>\n<td width=\"293\"><strong>\u00a0Frais<\/strong><\/td>\n<\/tr>\n<tr>\n<td width=\"330\">Dans certains cas (contactez-nous pour confirmer)<\/td>\n<td width=\"293\">100 $<\/td>\n<\/tr>\n<tr>\n<td width=\"330\"><strong>Zonage DSL<\/strong><\/td>\n<td width=\"293\"><strong>\u00a0Frais<\/strong><\/td>\n<\/tr>\n<tr>\n<td width=\"330\">Changement de zonage dans un DSL<\/td>\n<td width=\"293\">1 500 $ pour recouvrement des co\u00fbts d\u2019annonce<\/td>\n<\/tr>\n<tr>\n<td width=\"330\"><strong>Zonage municipal<\/strong><\/td>\n<td width=\"293\"><strong>Frais<\/strong><\/td>\n<\/tr>\n<tr>\n<td width=\"330\">Changement de zonage dans une municipalit\u00e9<\/td>\n<td width=\"293\">Frais vari\u00e9s. Contactez la municipalit\u00e9.<\/td>\n<\/tr>\n<\/tbody>\n<\/table>\n<p>[\/vc_column_text][\/vc_column][vc_column width=\u00a0\u00bb1\/2&Prime;][vc_column_text]<\/p>\n<table>\n<tbody>\n<tr>\n<td width=\"330\"><strong>Documentations<\/strong><\/td>\n<td width=\"293\"><strong>\u00a0Frais<\/strong><\/td>\n<\/tr>\n<tr>\n<td width=\"330\">Production de cartes GIS<\/td>\n<td width=\"293\">4 $ \/ pied lin\u00e9aire avec papier de 36 po<\/p>\n<p>5 $ \/ pied lin\u00e9aire avec papier de 48 po<\/td>\n<\/tr>\n<tr>\n<td width=\"330\">Num\u00e9risation de documents sur l\u2019imprimante traceur (plotter)<\/td>\n<td width=\"293\">25 $ du dossier<\/td>\n<\/tr>\n<\/tbody>\n<\/table>\n<p>[\/vc_column_text][\/vc_column][\/vc_row][\/vc_section]<\/p>\n<\/div>","protected":false},"excerpt":{"rendered":"<p>[vc_section full_width=\u00a0\u00bbstretch_row\u00a0\u00bb el_id=\u00a0\u00bbzonage\u00a0\u00bb][vc_row][vc_column][\/vc_column][\/vc_row][vc_row gap=\u00a0\u00bb10&Prime;][vc_column width=\u00a0\u00bb3\/5&Prime;][vc_column_text]Certains projets n\u00e9cessitent une modification au zonage (ou un rezonage), car dans certains cas, il est possible que le zonage actuel emp\u00eache<span class=\"excerpt-hellip\"> [\u2026]<\/span><\/p>\n","protected":false},"author":1,"featured_media":-1,"parent":0,"menu_order":0,"comment_status":"closed","ping_status":"closed","template":"","meta":{"footnotes":""},"class_list":["post-20","page","type-page","status-publish","has-post-thumbnail","hentry"],"_links":{"self":[{"href":"https:\/\/www.krsc.ca\/fr\/wp-json\/wp\/v2\/pages\/20","targetHints":{"allow":["GET"]}}],"collection":[{"href":"https:\/\/www.krsc.ca\/fr\/wp-json\/wp\/v2\/pages"}],"about":[{"href":"https:\/\/www.krsc.ca\/fr\/wp-json\/wp\/v2\/types\/page"}],"author":[{"embeddable":true,"href":"https:\/\/www.krsc.ca\/fr\/wp-json\/wp\/v2\/users\/1"}],"replies":[{"embeddable":true,"href":"https:\/\/www.krsc.ca\/fr\/wp-json\/wp\/v2\/comments?post=20"}],"version-history":[{"count":8,"href":"https:\/\/www.krsc.ca\/fr\/wp-json\/wp\/v2\/pages\/20\/revisions"}],"predecessor-version":[{"id":4408,"href":"https:\/\/www.krsc.ca\/fr\/wp-json\/wp\/v2\/pages\/20\/revisions\/4408"}],"wp:featuredmedia":[{"embeddable":true,"href":"https:\/\/www.krsc.ca\/fr\/wp-json\/"}],"wp:attachment":[{"href":"https:\/\/www.krsc.ca\/fr\/wp-json\/wp\/v2\/media?parent=20"}],"curies":[{"name":"wp","href":"https:\/\/api.w.org\/{rel}","templated":true}]}}