{"id":24,"date":"2016-03-17T15:41:11","date_gmt":"2016-03-17T15:41:11","guid":{"rendered":"http:\/\/themes.muffingroup.com\/be\/music\/?page_id=24"},"modified":"2026-02-25T10:55:22","modified_gmt":"2026-02-25T14:55:22","slug":"dechets-solides","status":"publish","type":"page","link":"https:\/\/www.krsc.ca\/fr\/dechets-solides\/","title":{"rendered":"D\u00e9chets solides"},"content":{"rendered":"<div class=\"wpb-content-wrapper\"><p>[vc_section full_width=\u00a0\u00bbstretch_row\u00a0\u00bb el_id=\u00a0\u00bbcompostage\u00a0\u00bb css=\u00a0\u00bb.vc_custom_1614630819752{background-image: url(http:\/\/www.krsc.ca\/wp-content\/uploads\/2020\/12\/Compostage.jpg?id=361) !important;}\u00a0\u00bb][vc_row][vc_column]<div class=\"fancy_heading fancy_heading_line\"><div class=\"fh-top\"><\/div><h2 class=\"title\">Compostage<\/h2><div class=\"inside\"><\/p>\n<h4>La CSRK vous invite \u00e0 renouer avec la terre en compostant vos d\u00e9chets organiques.<\/h4>\n<p><\/div><\/div>\n[\/vc_column][\/vc_row][vc_row][vc_column][vc_column_text]Notre programme permet aux r\u00e9sidents de la r\u00e9gion de Kent de faire l\u2019achat d\u2019un composteur ou d\u2019un digesteur \u00e0 prix r\u00e9duit. Ces outils permettent de transformer vos d\u00e9chets organiques en nutriments pour le sol. Ils sont normalement mis en vente au printemps, mais les unit\u00e9s sont disponibles en quantit\u00e9 limit\u00e9e. Si vous d\u00e9sirez en acheter un, contactez-nous \u00e0 l\u2019avance pour vous assurer qu\u2019il y a toujours en stock. \u00ab\u00a0Premier arriv\u00e9, premier servi\u00a0\u00bb![\/vc_column_text][\/vc_column][\/vc_row][vc_row][vc_column width=\u00a0\u00bb2\/3&Prime;][vc_column_text]<strong>Composteur ou digesteur?<\/strong><\/p>\n<p>La CSRK vous offre l\u2019option entre un composteur traditionnel, appel\u00e9 <em>Earth Machine<\/em>, ou un digesteur \u2013 le C\u00f4ne vert. Consultez l\u2019image pour savoir lequel vous conviendrait le mieux :<br \/>\n<img loading=\"lazy\" decoding=\"async\" class=\"alignright\" src=\"https:\/\/www.krsc.ca\/wp-content\/uploads\/2020\/12\/Compostage_Options.png\" alt=\"null\" width=\"995\" height=\"691\" \/><\/p>\n<p><strong>Pour choisir l\u2019une ou l\u2019autre des deux options pr\u00e9sent\u00e9es, rendez-vous \u00e0 notre bureau de Bouctouche situ\u00e9 au 104, boul. Irving, unit\u00e9 1. Nous acceptons l\u2019argent comptant, les ch\u00e8ques, les cartes de d\u00e9bit (Interac) et la majorit\u00e9 des cartes de cr\u00e9dit.<\/strong>[\/vc_column_text][\/vc_column][vc_column width=\u00a0\u00bb3\/4&Prime;][\/vc_column][\/vc_row][\/vc_section][vc_section][vc_row][vc_column][vc_separator color=\u00a0\u00bbwhite\u00a0\u00bb][\/vc_column][\/vc_row][\/vc_section][vc_section full_width=\u00a0\u00bbstretch_row\u00a0\u00bb el_id=\u00a0\u00bbprog\u00a0\u00bb css=\u00a0\u00bb.vc_custom_1614631911352{background-color: #f2f2f2 !important;}\u00a0\u00bb][vc_row][vc_column]<div class=\"fancy_heading fancy_heading_line\"><div class=\"fh-top\"><\/div><h2 class=\"title\">Programmes provinciaux<\/h2><div class=\"inside\"><\/p>\n<h4>Le gouvernement du Nouveau-Brunswick g\u00e8re plusieurs programmes de r\u00e9cup\u00e9ration et recyclage de d\u00e9chets solides.<\/h4>\n<p><\/div><\/div>\n[\/vc_column][\/vc_row][vc_row gap=\u00a0\u00bb5&Prime;][vc_column width=\u00a0\u00bb1\/4&Prime; css=\u00a0\u00bb.vc_custom_1614632131056{background-color: #f2f2f2 !important;}\u00a0\u00bb][vc_single_image image=\u00a0\u00bb368&Prime; img_size=\u00a0\u00bbfull\u00a0\u00bb css=\u00a0\u00bb.vc_custom_1614632107557{margin-bottom: 0px !important;border-bottom-width: 0px !important;padding-bottom: 0px !important;}\u00a0\u00bb][vc_column_text]<\/p>\n<h5 style=\"text-align: center;\"><strong>Pneus usag\u00e9s<\/strong><\/h5>\n<p>Le programme de recyclage des pneus usag\u00e9s existe depuis 1996. Les pneus sont recueillis par la Tire Recycling Atlantic Canada Corporation (TRACC) et transport\u00e9s aux installations de recyclage \u00e0 Minto.<\/p>\n<p>Vos pneus peuvent \u00eatre d\u00e9pos\u00e9s gratuitement chez les d\u00e9taillants de pneus de la r\u00e9gion, c\u2019est-\u00e0-dire dans n\u2019importe quel magasin ou garage qui vend des pneus. Puisque les espaces d\u2019entreposage sont parfois limit\u00e9s, nous demandons de vous limiter \u00e0 cinq (5) pneus \u00e0 la fois. Nous demandons aussi aux gens d\u2019enlever les jantes (rims) avant de se pr\u00e9senter avec leurs pneus. Un d\u00e9taillant pourrait refuser des pneus encore sur leurs jantes ou imposer des frais pour les enlever.[\/vc_column_text][\/vc_column][vc_column width=\u00a0\u00bb1\/4&Prime; css=\u00a0\u00bb.vc_custom_1614632212702{background-color: #f2f2f2 !important;}\u00a0\u00bb][vc_single_image image=\u00a0\u00bb372&Prime; img_size=\u00a0\u00bbfull\u00a0\u00bb css=\u00a0\u00bb.vc_custom_1614632193213{margin-bottom: 0px !important;border-bottom-width: 0px !important;padding-bottom: 0px !important;}\u00a0\u00bb][vc_column_text]<\/p>\n<h5 style=\"text-align: center;\"><strong>D\u00e9p\u00f4ts de peinture<\/strong><\/h5>\n<p>Gr\u00e2ce au programme de recyclage de la peinture g\u00e9r\u00e9 par Product Care Association of Canada, les gens de la r\u00e9gion de Kent peuvent se d\u00e9barrasser gratuitement de vieux pots de peinture \u00e0 longueur d\u2019ann\u00e9e dans l\u2019un des quatre endroits suivants :<\/p>\n<ul>\n<li>Home Hardware de Rogersville\u00a0: 506-775-6141<\/li>\n<li>Home Hardware de Richibucto\u00a0: 506-523-6631<\/li>\n<li>Home Hardware de Saint-Antoine: 506-525-2140<\/li>\n<li>Home Building Centre de Baie-Sainte-Anne: 506-228-4996<\/li>\n<\/ul>\n<p>[\/vc_column_text][\/vc_column][vc_column width=\u00a0\u00bb1\/4&Prime; css=\u00a0\u00bb.vc_custom_1614632267882{background-color: #f2f2f2 !important;}\u00a0\u00bb][vc_single_image image=\u00a0\u00bb374&Prime; img_size=\u00a0\u00bbfull\u00a0\u00bb css=\u00a0\u00bb.vc_custom_1614632293580{margin-bottom: 0px !important;border-bottom-width: 0px !important;padding-bottom: 0px !important;}\u00a0\u00bb][vc_column_text]<\/p>\n<h5 style=\"text-align: center;\"><strong>R\u00e9cup\u00e9ration de l\u2019huile et du glycol<\/strong><\/h5>\n<p>Depuis 2014, il est facile pour vous de recycler l\u2019huile usag\u00e9e (50 L ou moins), les filtres \u00e0 huile, les contenants d\u2019huile, le glycol (50 L ou moins) et les contenants de glycol au Nouveau-Brunswick gr\u00e2ce \u00e0 un programme g\u00e9r\u00e9 par Recycle NB en collaboration avec l\u2019Atlantic Used Oil Management Association (UOMA), une soci\u00e9t\u00e9 de gestion des huiles usag\u00e9es de l\u2019Atlantique.<\/p>\n<p>Consultez le site Web suivant pour trouver le d\u00e9p\u00f4t d\u2019huile et de glycol le plus pr\u00e8s de chez vous <a href=\"https:\/\/recyclenb.com\/oil-map\" target=\"_blank\" rel=\"noopener\">https:\/\/recyclenb.com\/oil-map<\/a>.[\/vc_column_text][\/vc_column][vc_column width=\u00a0\u00bb1\/4&Prime; css=\u00a0\u00bb.vc_custom_1614632335202{background-color: #f2f2f2 !important;}\u00a0\u00bb][vc_single_image image=\u00a0\u00bb376&Prime; img_size=\u00a0\u00bbfull\u00a0\u00bb css=\u00a0\u00bb.vc_custom_1614632362455{margin-bottom: 0px !important;border-bottom-width: 0px !important;padding-bottom: 0px !important;}\u00a0\u00bb][vc_column_text]<\/p>\n<h5 style=\"text-align: center;\"><strong>D\u00e9p\u00f4ts de produits \u00e9lectroniques<\/strong><\/h5>\n<p>En 2017, le gouvernement provincial a \u00e9tabli le programme de gestion des d\u00e9chets \u00e9lectroniques en vertu de la <em>Loi sur l&rsquo;assainissement de l&rsquo;environnement<\/em>. En tant qu\u2019organisme responsable des programmes de recyclage des mati\u00e8res d\u00e9sign\u00e9es, Recycle NB assume la supervision du programme et le secteur a choisi l\u2019Association pour le recyclage des produits \u00e9lectroniques (ARPE) comme administrateur du programme.<\/p>\n<p>La r\u00e9gion de Kent dispose de quatre (4) d\u00e9p\u00f4ts permanents o\u00f9 les r\u00e9sidents peuvent recycler leurs \u00e9lectroniques \u00e0 longueur d\u2019ann\u00e9e :<\/p>\n<ul>\n<li>Cocagne Variety Ltd \u00e0 Cocagne<\/li>\n<li>Saint Antoine Bottle Exchange \u00e0 Saint-Antoine<\/li>\n<li>Kent Building Supplies \u00e0 Bouctouche<\/li>\n<li>TD Recycling 2018 \u00e0 Baie-Sainte-Anne<\/li>\n<li>Recyclage Beaurivage au Portage de Saint-Louis<\/li>\n<\/ul>\n<p>Pour savoir quels sont les objets \u00e9lectroniques accept\u00e9s dans le cadre de ce programme, consultez le site Web suivant\u00a0: <a href=\"https:\/\/www.recyclermeselectroniques.ca\/nb\/quoi-recycler\/\" target=\"_blank\" rel=\"noopener\">https:\/\/www.recyclermeselectroniques.ca\/nb\/quoi-recycler\/<\/a>[\/vc_column_text][\/vc_column][\/vc_row][\/vc_section]<\/p>\n<\/div>","protected":false},"excerpt":{"rendered":"<p>[vc_section full_width=\u00a0\u00bbstretch_row\u00a0\u00bb el_id=\u00a0\u00bbcompostage\u00a0\u00bb css=\u00a0\u00bb.vc_custom_1614630819752{background-image: url(http:\/\/www.krsc.ca\/wp-content\/uploads\/2020\/12\/Compostage.jpg?id=361) !important;}\u00a0\u00bb][vc_row][vc_column][\/vc_column][\/vc_row][vc_row][vc_column][vc_column_text]Notre programme permet aux r\u00e9sidents de la r\u00e9gion de Kent de faire l\u2019achat d\u2019un composteur ou d\u2019un digesteur \u00e0 prix r\u00e9duit.<span class=\"excerpt-hellip\"> [\u2026]<\/span><\/p>\n","protected":false},"author":1,"featured_media":-1,"parent":0,"menu_order":0,"comment_status":"closed","ping_status":"closed","template":"","meta":{"footnotes":""},"class_list":["post-24","page","type-page","status-publish","has-post-thumbnail","hentry"],"_links":{"self":[{"href":"https:\/\/www.krsc.ca\/fr\/wp-json\/wp\/v2\/pages\/24","targetHints":{"allow":["GET"]}}],"collection":[{"href":"https:\/\/www.krsc.ca\/fr\/wp-json\/wp\/v2\/pages"}],"about":[{"href":"https:\/\/www.krsc.ca\/fr\/wp-json\/wp\/v2\/types\/page"}],"author":[{"embeddable":true,"href":"https:\/\/www.krsc.ca\/fr\/wp-json\/wp\/v2\/users\/1"}],"replies":[{"embeddable":true,"href":"https:\/\/www.krsc.ca\/fr\/wp-json\/wp\/v2\/comments?post=24"}],"version-history":[{"count":18,"href":"https:\/\/www.krsc.ca\/fr\/wp-json\/wp\/v2\/pages\/24\/revisions"}],"predecessor-version":[{"id":4228,"href":"https:\/\/www.krsc.ca\/fr\/wp-json\/wp\/v2\/pages\/24\/revisions\/4228"}],"wp:featuredmedia":[{"embeddable":true,"href":"https:\/\/www.krsc.ca\/fr\/wp-json\/"}],"wp:attachment":[{"href":"https:\/\/www.krsc.ca\/fr\/wp-json\/wp\/v2\/media?parent=24"}],"curies":[{"name":"wp","href":"https:\/\/api.w.org\/{rel}","templated":true}]}}