{"id":2783,"date":"2023-05-30T15:49:34","date_gmt":"2023-05-30T18:49:34","guid":{"rendered":"https:\/\/www.krsc.ca\/add-wellness-event\/"},"modified":"2023-05-30T16:30:18","modified_gmt":"2023-05-30T19:30:18","slug":"ajouter-evenement-mieux-etre","status":"publish","type":"page","link":"https:\/\/www.krsc.ca\/fr\/ajouter-evenement-mieux-etre\/","title":{"rendered":"Ajouter \u00e9v\u00e8nement mieux-\u00eatre"},"content":{"rendered":"","protected":false},"excerpt":{"rendered":"","protected":false},"author":1,"featured_media":0,"parent":0,"menu_order":0,"comment_status":"closed","ping_status":"closed","template":"","meta":{"footnotes":""},"class_list":["post-2783","page","type-page","status-publish","hentry"],"_links":{"self":[{"href":"https:\/\/www.krsc.ca\/fr\/wp-json\/wp\/v2\/pages\/2783","targetHints":{"allow":["GET"]}}],"collection":[{"href":"https:\/\/www.krsc.ca\/fr\/wp-json\/wp\/v2\/pages"}],"about":[{"href":"https:\/\/www.krsc.ca\/fr\/wp-json\/wp\/v2\/types\/page"}],"author":[{"embeddable":true,"href":"https:\/\/www.krsc.ca\/fr\/wp-json\/wp\/v2\/users\/1"}],"replies":[{"embeddable":true,"href":"https:\/\/www.krsc.ca\/fr\/wp-json\/wp\/v2\/comments?post=2783"}],"version-history":[{"count":3,"href":"https:\/\/www.krsc.ca\/fr\/wp-json\/wp\/v2\/pages\/2783\/revisions"}],"predecessor-version":[{"id":2786,"href":"https:\/\/www.krsc.ca\/fr\/wp-json\/wp\/v2\/pages\/2783\/revisions\/2786"}],"wp:attachment":[{"href":"https:\/\/www.krsc.ca\/fr\/wp-json\/wp\/v2\/media?parent=2783"}],"curies":[{"name":"wp","href":"https:\/\/api.w.org\/{rel}","templated":true}]}}