{"id":3596,"date":"2024-05-30T15:08:54","date_gmt":"2024-05-30T18:08:54","guid":{"rendered":"https:\/\/www.krsc.ca\/?page_id=3596"},"modified":"2024-06-03T14:24:51","modified_gmt":"2024-06-03T17:24:51","slug":"mennonites","status":"publish","type":"page","link":"https:\/\/www.krsc.ca\/fr\/mennonites\/","title":{"rendered":"Mennonites"},"content":{"rendered":"<p>Consultez les diapositives ci-dessous pour d\u00e9couvrir des informations importantes sur les mennonites, ou t\u00e9l\u00e9chargez la <a href=\"https:\/\/www.krsc.ca\/wp-content\/uploads\/2024\/06\/Mennonite-FR.pdf\">version PDF ici<\/a>.<\/p>\n<div><\/div>\n","protected":false},"excerpt":{"rendered":"<p>Consultez les diapositives ci-dessous pour d\u00e9couvrir des informations importantes sur les mennonites, ou t\u00e9l\u00e9chargez la version PDF ici.<\/p>\n","protected":false},"author":5,"featured_media":0,"parent":0,"menu_order":0,"comment_status":"closed","ping_status":"closed","template":"","meta":{"footnotes":""},"class_list":["post-3596","page","type-page","status-publish","hentry"],"_links":{"self":[{"href":"https:\/\/www.krsc.ca\/fr\/wp-json\/wp\/v2\/pages\/3596","targetHints":{"allow":["GET"]}}],"collection":[{"href":"https:\/\/www.krsc.ca\/fr\/wp-json\/wp\/v2\/pages"}],"about":[{"href":"https:\/\/www.krsc.ca\/fr\/wp-json\/wp\/v2\/types\/page"}],"author":[{"embeddable":true,"href":"https:\/\/www.krsc.ca\/fr\/wp-json\/wp\/v2\/users\/5"}],"replies":[{"embeddable":true,"href":"https:\/\/www.krsc.ca\/fr\/wp-json\/wp\/v2\/comments?post=3596"}],"version-history":[{"count":4,"href":"https:\/\/www.krsc.ca\/fr\/wp-json\/wp\/v2\/pages\/3596\/revisions"}],"predecessor-version":[{"id":3675,"href":"https:\/\/www.krsc.ca\/fr\/wp-json\/wp\/v2\/pages\/3596\/revisions\/3675"}],"wp:attachment":[{"href":"https:\/\/www.krsc.ca\/fr\/wp-json\/wp\/v2\/media?parent=3596"}],"curies":[{"name":"wp","href":"https:\/\/api.w.org\/{rel}","templated":true}]}}